{"id":1551,"date":"2025-02-17T16:04:51","date_gmt":"2025-02-17T15:04:51","guid":{"rendered":"https:\/\/janus.rs\/?page_id=1551"},"modified":"2026-01-12T16:38:52","modified_gmt":"2026-01-12T15:38:52","slug":"janus-it-and-friends","status":"publish","type":"page","link":"https:\/\/janus.rs\/en\/janus-it-and-friends\/","title":{"rendered":"Janus IT and Friends"},"content":{"rendered":"<style>.kadence-column1551_c49f1d-17 > .kt-inside-inner-col,.kadence-column1551_c49f1d-17 > .kt-inside-inner-col:before{border-top-left-radius:0px;border-top-right-radius:0px;border-bottom-right-radius:0px;border-bottom-left-radius:0px;}.kadence-column1551_c49f1d-17 > .kt-inside-inner-col{column-gap:var(--global-kb-gap-sm, 1rem);}.kadence-column1551_c49f1d-17 > .kt-inside-inner-col{flex-direction:column;}.kadence-column1551_c49f1d-17 > .kt-inside-inner-col > .aligncenter{width:100%;}.kadence-column1551_c49f1d-17 > .kt-inside-inner-col:before{opacity:0.3;}.kadence-column1551_c49f1d-17{position:relative;}.kadence-column1551_c49f1d-17, .kt-inside-inner-col > .kadence-column1551_c49f1d-17:not(.specificity){margin-right:5px;margin-left:5px;}@media all and (max-width: 1024px){.kadence-column1551_c49f1d-17 > .kt-inside-inner-col{flex-direction:column;justify-content:center;}}@media all and (max-width: 767px){.kadence-column1551_c49f1d-17 > .kt-inside-inner-col{flex-direction:column;justify-content:center;}}<\/style>\n<div class=\"wp-block-kadence-column kadence-column1551_c49f1d-17\"><div class=\"kt-inside-inner-col\"><style>.kb-row-layout-id1551_f605ab-a8 > .kt-row-column-wrap{align-content:start;}:where(.kb-row-layout-id1551_f605ab-a8 > .kt-row-column-wrap) > .wp-block-kadence-column{justify-content:start;}.kb-row-layout-id1551_f605ab-a8 > .kt-row-column-wrap{column-gap:var(--global-kb-gap-md, 2rem);row-gap:var(--global-kb-gap-md, 2rem);padding-top:var(--global-kb-spacing-sm, 1.5rem);padding-bottom:var(--global-kb-spacing-sm, 1.5rem);grid-template-columns:minmax(0, 1fr);}.kb-row-layout-id1551_f605ab-a8 > .kt-row-layout-overlay{opacity:0.30;}@media all and (max-width: 1024px){.kb-row-layout-id1551_f605ab-a8 > .kt-row-column-wrap{grid-template-columns:minmax(0, 1fr);}}@media all and (max-width: 767px){.kb-row-layout-id1551_f605ab-a8 > .kt-row-column-wrap{grid-template-columns:minmax(0, 1fr);}}<\/style><div class=\"kb-row-layout-wrap kb-row-layout-id1551_f605ab-a8 alignnone wp-block-kadence-rowlayout\"><div class=\"kt-row-column-wrap kt-has-1-columns kt-row-layout-equal kt-tab-layout-inherit kt-mobile-layout-row kt-row-valign-top\">\n<style>.kadence-column1551_14a39e-1b > .kt-inside-inner-col,.kadence-column1551_14a39e-1b > .kt-inside-inner-col:before{border-top-left-radius:0px;border-top-right-radius:0px;border-bottom-right-radius:0px;border-bottom-left-radius:0px;}.kadence-column1551_14a39e-1b > .kt-inside-inner-col{column-gap:var(--global-kb-gap-sm, 1rem);}.kadence-column1551_14a39e-1b > .kt-inside-inner-col{flex-direction:column;}.kadence-column1551_14a39e-1b > .kt-inside-inner-col > .aligncenter{width:100%;}.kadence-column1551_14a39e-1b > .kt-inside-inner-col:before{opacity:0.3;}.kadence-column1551_14a39e-1b{position:relative;}.kadence-column1551_14a39e-1b, .kt-inside-inner-col > .kadence-column1551_14a39e-1b:not(.specificity){margin-right:5vh;margin-left:5vh;}@media all and (max-width: 1024px){.kadence-column1551_14a39e-1b > .kt-inside-inner-col{flex-direction:column;justify-content:center;}}@media all and (max-width: 767px){.kadence-column1551_14a39e-1b > .kt-inside-inner-col{flex-direction:column;justify-content:center;}}<\/style>\n<div class=\"wp-block-kadence-column kadence-column1551_14a39e-1b\"><div class=\"kt-inside-inner-col\">\n<h2 class=\"wp-block-heading has-large-font-size\">Janus IT and Friends<\/h2>\n\n\n\n<p class=\"has-medium-font-size\">The goal of \"Janus IT and Friends\" is to arouse curiosity and create opportunities for dialogue. To help individuals keep their bodies and minds healthy and promote their independence.<\/p>\n\n\n\n<ul class=\"wp-block-list\">\n<li class=\"has-medium-font-size\">How did \"Janus IT and Friends\" come about?<\/li>\n\n\n\n<li class=\"has-medium-font-size\">Community events<\/li>\n\n\n\n<li class=\"has-medium-font-size\">Sports events<\/li>\n\n\n\n<li class=\"has-medium-font-size\">Worth mentioning 2025<\/li>\n\n\n\n<li class=\"has-medium-font-size\">Worth mentioning 2024<\/li>\n<\/ul>\n\n\n\n<h2 class=\"wp-block-heading has-large-font-size\">How did \"Janus IT and Friends\" come about?<\/h2>\n\n\n\n<p class=\"has-medium-font-size\">I have helped out at many events in the past. I was co-organiser of gametreff.NRW and organised a running club and a workshop on artificial intelligence at the University of Dortmund.<\/p>\n\n\n\n<p class=\"has-medium-font-size\">When I started my own business, I wanted to continue contributing in this way, and that's how the idea came about to bring the various activities together under the name \"Janus IT and Friends.\"<\/p>\n\n\n\n<h2 class=\"wp-block-heading has-large-font-size\">Community events<\/h2>\n\n\n\n<p class=\"has-medium-font-size\">Workshops or meetup-style events are the best way to meet new people or exchange ideas with like-minded individuals.<\/p>\n\n\n\n<p class=\"has-medium-font-size\">That's why I'm a co-organizer of various events, such as the <a href=\"https:\/\/www.meetup.com\/rust-dortmund\/\">Rust Dortmund Meetup<\/a>, the <a href=\"https:\/\/www.meetup.com\/de-DE\/rust-and-c-plus-plus-in-cardiff\">Online Meetup Rust and C++ Dragons<\/a> and the <a href=\"https:\/\/www.vdi.de\/veranstaltungen\/detail\/10-jahrestreffen-fuer-young-professionals-in-der-chemischen-industrie\">Jahrestreffen f\u00fcr Young Professionals in der chemischen Industrie<\/a>.<\/p>\n\n\n\n<h2 class=\"wp-block-heading has-large-font-size\">Sports events<\/h2>\n\n\n\n<p class=\"has-medium-font-size\">It has been scientifically proven that physical activity (or exercise) contributes to better health and increased cognitive ability. It also offers a great opportunity to socialize. <\/p>\n\n\n\n<p class=\"has-medium-font-size\">Currently, the swim club is active several times a week. Unfortunately, the run club has become dormant in 2025, but a revival is not out of the question. If you are from the region and would like to get involved in sports, please feel free to contact me.<\/p>\n\n\n\n<h2 class=\"wp-block-heading has-large-font-size\">Worth mentioning 2025<\/h2>\n\n\n\n<p class=\"has-medium-font-size\">I traveled a lot again this year. Among other places, I went back to London (<a href=\"https:\/\/janus.rs\/en\/2025\/02\/business-learnings-from-the-rust-conferences-in-london-2025-rust-sap\/\">Experience report<\/a>). I would like to highlight two further events in particular.<\/p>\n\n\n\n<p class=\"has-medium-font-size\">In May, I traveled by bike with my friend and Rust enthusiast Ben Wishovich from Utrecht via Xanten to Dortmund. Here in the surrounding area, we visited Altona Castle together, and Ben gave a talk at the Rust Dortmund Meetup on the <a href=\"https:\/\/youtu.be\/RHsIeju9QqY?si=W1V8EfIWLtuD15Hw\">Fullstack Framework Leptos<\/a> .<\/p>\n\n\n\n<p class=\"has-medium-font-size\">In November, I was very happy that we got our bronze lifeguard certification. We will be aiming for the silver badge in 2026. The cool thing is that with silver, you can play Baywatch on tourist beaches.<\/p>\n\n\n\n<h2 class=\"wp-block-heading has-large-font-size\">Worth mentioning 2024<\/h2>\n\n\n\n<p class=\"has-medium-font-size\">Rust Nation UK 2024 was the highlight of 2024 for me, where I met other Rust and C++ Dragons participants for the first time in real life and I gave a talk on the topic of <a href=\"\/en\/Design patterns in Rust using the example of chemical plants (Video)\/\">Design Patterns in Rust am Beispiel chemischer Anlagen (Video)<\/a> .<\/p>\n\n\n\n<div class=\"wp-block-columns is-layout-flex wp-container-core-columns-is-layout-9d6595d7 wp-block-columns-is-layout-flex\">\n<div class=\"wp-block-column is-layout-flow wp-block-column-is-layout-flow\">\n<figure class=\"wp-block-image alignfull size-large\"><img data-recalc-dims=\"1\" loading=\"lazy\" decoding=\"async\" width=\"1024\" height=\"768\" src=\"https:\/\/i0.wp.com\/janus.rs\/wp-content\/uploads\/2024\/04\/20240328_165858.jpg?resize=1024%2C768&#038;ssl=1\" alt=\"\" class=\"wp-image-1327\" srcset=\"https:\/\/i0.wp.com\/janus.rs\/wp-content\/uploads\/2024\/04\/20240328_165858-scaled.jpg?resize=1024%2C768&amp;ssl=1 1024w, https:\/\/i0.wp.com\/janus.rs\/wp-content\/uploads\/2024\/04\/20240328_165858-scaled.jpg?resize=300%2C225&amp;ssl=1 300w, https:\/\/i0.wp.com\/janus.rs\/wp-content\/uploads\/2024\/04\/20240328_165858-scaled.jpg?resize=768%2C576&amp;ssl=1 768w, https:\/\/i0.wp.com\/janus.rs\/wp-content\/uploads\/2024\/04\/20240328_165858-scaled.jpg?resize=1536%2C1152&amp;ssl=1 1536w, https:\/\/i0.wp.com\/janus.rs\/wp-content\/uploads\/2024\/04\/20240328_165858-scaled.jpg?resize=2048%2C1536&amp;ssl=1 2048w, https:\/\/i0.wp.com\/janus.rs\/wp-content\/uploads\/2024\/04\/20240328_165858-scaled.jpg?resize=16%2C12&amp;ssl=1 16w, https:\/\/i0.wp.com\/janus.rs\/wp-content\/uploads\/2024\/04\/20240328_165858-scaled.jpg?w=2400&amp;ssl=1 2400w\" sizes=\"auto, (max-width: 1024px) 100vw, 1024px\" \/><\/figure>\n<\/div>\n\n\n\n<div class=\"wp-block-column is-layout-flow wp-block-column-is-layout-flow\">\n<figure class=\"wp-block-image alignfull size-large\"><img data-recalc-dims=\"1\" loading=\"lazy\" decoding=\"async\" width=\"1024\" height=\"768\" src=\"https:\/\/i0.wp.com\/janus.rs\/wp-content\/uploads\/2024\/04\/IMG_20240328_120613.jpg?resize=1024%2C768&#038;ssl=1\" alt=\"\" class=\"wp-image-1328\" srcset=\"https:\/\/i0.wp.com\/janus.rs\/wp-content\/uploads\/2024\/04\/IMG_20240328_120613-scaled.jpg?resize=1024%2C768&amp;ssl=1 1024w, https:\/\/i0.wp.com\/janus.rs\/wp-content\/uploads\/2024\/04\/IMG_20240328_120613-scaled.jpg?resize=300%2C225&amp;ssl=1 300w, https:\/\/i0.wp.com\/janus.rs\/wp-content\/uploads\/2024\/04\/IMG_20240328_120613-scaled.jpg?resize=768%2C576&amp;ssl=1 768w, https:\/\/i0.wp.com\/janus.rs\/wp-content\/uploads\/2024\/04\/IMG_20240328_120613-scaled.jpg?resize=1536%2C1152&amp;ssl=1 1536w, https:\/\/i0.wp.com\/janus.rs\/wp-content\/uploads\/2024\/04\/IMG_20240328_120613-scaled.jpg?resize=2048%2C1536&amp;ssl=1 2048w, https:\/\/i0.wp.com\/janus.rs\/wp-content\/uploads\/2024\/04\/IMG_20240328_120613-scaled.jpg?resize=16%2C12&amp;ssl=1 16w, https:\/\/i0.wp.com\/janus.rs\/wp-content\/uploads\/2024\/04\/IMG_20240328_120613-scaled.jpg?w=2400&amp;ssl=1 2400w\" sizes=\"auto, (max-width: 1024px) 100vw, 1024px\" \/><\/figure>\n<\/div>\n<\/div>\n\n\n\n<p class=\"has-medium-font-size\">The sporting highlight was a visit to the Mud Masters and, in 2025, the Halterner Seelauf at freezing -5\u00b0 Celsius.<\/p>\n\n\n\n<div class=\"wp-block-columns is-layout-flex wp-container-core-columns-is-layout-9d6595d7 wp-block-columns-is-layout-flex\">\n<div class=\"wp-block-column is-layout-flow wp-block-column-is-layout-flow\"><div class=\"wp-block-image\">\n<figure class=\"aligncenter size-medium\"><img data-recalc-dims=\"1\" loading=\"lazy\" decoding=\"async\" width=\"200\" height=\"300\" src=\"https:\/\/i0.wp.com\/janus.rs\/wp-content\/uploads\/2025\/02\/Collage_MudMasters.png?resize=200%2C300&#038;ssl=1\" alt=\"\" class=\"wp-image-1565\" srcset=\"https:\/\/i0.wp.com\/janus.rs\/wp-content\/uploads\/2025\/02\/Collage_MudMasters.png?resize=200%2C300&amp;ssl=1 200w, https:\/\/i0.wp.com\/janus.rs\/wp-content\/uploads\/2025\/02\/Collage_MudMasters.png?resize=683%2C1024&amp;ssl=1 683w, https:\/\/i0.wp.com\/janus.rs\/wp-content\/uploads\/2025\/02\/Collage_MudMasters.png?resize=768%2C1152&amp;ssl=1 768w, https:\/\/i0.wp.com\/janus.rs\/wp-content\/uploads\/2025\/02\/Collage_MudMasters.png?resize=8%2C12&amp;ssl=1 8w, https:\/\/i0.wp.com\/janus.rs\/wp-content\/uploads\/2025\/02\/Collage_MudMasters.png?w=800&amp;ssl=1 800w\" sizes=\"auto, (max-width: 200px) 100vw, 200px\" \/><\/figure>\n<\/div><\/div>\n\n\n\n<div class=\"wp-block-column is-layout-flow wp-block-column-is-layout-flow\">\n<div style=\"height:0px\" aria-hidden=\"true\" class=\"wp-block-spacer\"><\/div>\n\n\n\n<figure class=\"wp-block-image size-large is-resized is-style-rounded\"><img data-recalc-dims=\"1\" loading=\"lazy\" decoding=\"async\" width=\"1024\" height=\"1365\" src=\"https:\/\/i0.wp.com\/janus.rs\/wp-content\/uploads\/2025\/02\/20250120_142313000_iOS-edited.jpg?resize=1024%2C1365&#038;ssl=1\" alt=\"\" class=\"wp-image-1567\" style=\"width:224px;height:auto\" srcset=\"https:\/\/i0.wp.com\/janus.rs\/wp-content\/uploads\/2025\/02\/20250120_142313000_iOS-edited.jpg?w=1024&amp;ssl=1 1024w, https:\/\/i0.wp.com\/janus.rs\/wp-content\/uploads\/2025\/02\/20250120_142313000_iOS-edited.jpg?resize=225%2C300&amp;ssl=1 225w, https:\/\/i0.wp.com\/janus.rs\/wp-content\/uploads\/2025\/02\/20250120_142313000_iOS-edited.jpg?resize=768%2C1024&amp;ssl=1 768w, https:\/\/i0.wp.com\/janus.rs\/wp-content\/uploads\/2025\/02\/20250120_142313000_iOS-edited.jpg?resize=9%2C12&amp;ssl=1 9w\" sizes=\"auto, (max-width: 1024px) 100vw, 1024px\" \/><\/figure>\n<\/div>\n<\/div>\n\n\n\n<p class=\"has-medium-font-size\">Also in 2024: Visits to trade fairs such as ACHEMA (<a href=\"https:\/\/janus.rs\/en\/2024\/06\/achema-2024-bridges-between-chemical-and-it-2\/\">Experience report 2024<\/a>) and conferences such as the Rust Nation UK (<a href=\"https:\/\/janus.rs\/en\/2024\/04\/rust-nation-uk-2024-review-for-engineers\/\">Experience report 2024<\/a>). <\/p>\n<\/div><\/div>\n\n<\/div><\/div><\/div><\/div>","protected":false},"excerpt":{"rendered":"<p>Janus IT and Friends Das Ziel von &#8222;Janus IT and Friends&#8220; ist es, Neugierde zu wecken und Gelegenheiten zum Austausch zu schaffen. Individuen zu helfen ihren K\u00f6rper und Geist Gesund zu halten und ihre Unabh\u00e4ngigkeit zu f\u00f6rdern. Wie ist &#8222;Janus IT and Friends&#8220; entstanden? In der Vergangenheit habe ich bei vielen Veranstaltungen mitgeholfen. Ich war [&hellip;]<\/p>\n","protected":false},"author":1,"featured_media":0,"parent":0,"menu_order":0,"comment_status":"closed","ping_status":"closed","template":"","meta":{"ocean_post_layout":"right-sidebar","ocean_both_sidebars_style":"","ocean_both_sidebars_content_width":0,"ocean_both_sidebars_sidebars_width":0,"ocean_sidebar":"sidebar","ocean_second_sidebar":"","ocean_disable_margins":"enable","ocean_add_body_class":"","ocean_shortcode_before_top_bar":"","ocean_shortcode_after_top_bar":"","ocean_shortcode_before_header":"","ocean_shortcode_after_header":"","ocean_has_shortcode":"","ocean_shortcode_after_title":"","ocean_shortcode_before_footer_widgets":"","ocean_shortcode_after_footer_widgets":"","ocean_shortcode_before_footer_bottom":"","ocean_shortcode_after_footer_bottom":"","ocean_display_top_bar":"default","ocean_display_header":"default","ocean_header_style":"","ocean_center_header_left_menu":"","ocean_custom_header_template":"","ocean_custom_logo":0,"ocean_custom_retina_logo":0,"ocean_custom_logo_max_width":0,"ocean_custom_logo_tablet_max_width":0,"ocean_custom_logo_mobile_max_width":0,"ocean_custom_logo_max_height":0,"ocean_custom_logo_tablet_max_height":0,"ocean_custom_logo_mobile_max_height":0,"ocean_header_custom_menu":"","ocean_menu_typo_font_family":"","ocean_menu_typo_font_subset":"","ocean_menu_typo_font_size":0,"ocean_menu_typo_font_size_tablet":0,"ocean_menu_typo_font_size_mobile":0,"ocean_menu_typo_font_size_unit":"px","ocean_menu_typo_font_weight":"","ocean_menu_typo_font_weight_tablet":"","ocean_menu_typo_font_weight_mobile":"","ocean_menu_typo_transform":"","ocean_menu_typo_transform_tablet":"","ocean_menu_typo_transform_mobile":"","ocean_menu_typo_line_height":0,"ocean_menu_typo_line_height_tablet":0,"ocean_menu_typo_line_height_mobile":0,"ocean_menu_typo_line_height_unit":"","ocean_menu_typo_spacing":0,"ocean_menu_typo_spacing_tablet":0,"ocean_menu_typo_spacing_mobile":0,"ocean_menu_typo_spacing_unit":"","ocean_menu_link_color":"","ocean_menu_link_color_hover":"","ocean_menu_link_color_active":"","ocean_menu_link_background":"","ocean_menu_link_hover_background":"","ocean_menu_link_active_background":"","ocean_menu_social_links_bg":"","ocean_menu_social_hover_links_bg":"","ocean_menu_social_links_color":"","ocean_menu_social_hover_links_color":"","ocean_disable_title":"default","ocean_disable_heading":"default","ocean_post_title":"","ocean_post_subheading":"","ocean_post_title_style":"","ocean_post_title_background_color":"","ocean_post_title_background":0,"ocean_post_title_bg_image_position":"","ocean_post_title_bg_image_attachment":"","ocean_post_title_bg_image_repeat":"","ocean_post_title_bg_image_size":"","ocean_post_title_height":0,"ocean_post_title_bg_overlay":0.5,"ocean_post_title_bg_overlay_color":"","ocean_disable_breadcrumbs":"default","ocean_breadcrumbs_color":"","ocean_breadcrumbs_separator_color":"","ocean_breadcrumbs_links_color":"","ocean_breadcrumbs_links_hover_color":"","ocean_display_footer_widgets":"default","ocean_display_footer_bottom":"default","ocean_custom_footer_template":"","footnotes":""},"class_list":["post-1551","page","type-page","status-publish","hentry","entry"],"yoast_head":"<!-- This site is optimized with the Yoast SEO plugin v27.0 - https:\/\/yoast.com\/product\/yoast-seo-wordpress\/ -->\n<title>Janus IT and Friends - Janus IT<\/title>\n<meta name=\"description\" content=\"Janus IT and Friends: Inspirierende (IT-)Meetups und sportliche Aktivit\u00e4ten, die K\u00f6rper und Geist st\u00e4rken und zum Austausch einladen.\" \/>\n<meta name=\"robots\" content=\"index, follow, max-snippet:-1, max-image-preview:large, max-video-preview:-1\" \/>\n<link rel=\"canonical\" href=\"https:\/\/janus.rs\/en\/janus-it-and-friends\/\" \/>\n<meta property=\"og:locale\" content=\"en_US\" \/>\n<meta property=\"og:type\" content=\"article\" \/>\n<meta property=\"og:title\" content=\"Janus IT and Friends - Janus IT\" \/>\n<meta property=\"og:description\" content=\"Janus IT and Friends: Inspirierende (IT-)Meetups und sportliche Aktivit\u00e4ten, die K\u00f6rper und Geist st\u00e4rken und zum Austausch einladen.\" \/>\n<meta property=\"og:url\" content=\"https:\/\/janus.rs\/en\/janus-it-and-friends\/\" \/>\n<meta property=\"og:site_name\" content=\"Janus IT\" \/>\n<meta property=\"article:modified_time\" content=\"2026-01-12T15:38:52+00:00\" \/>\n<meta property=\"og:image\" content=\"https:\/\/janus.rs\/wp-content\/uploads\/2024\/04\/20240328_165858-1024x768.jpg\" \/>\n<meta name=\"twitter:card\" content=\"summary_large_image\" \/>\n<meta name=\"twitter:site\" content=\"@DarthB86\" \/>\n<meta name=\"twitter:label1\" content=\"Est. reading time\" \/>\n\t<meta name=\"twitter:data1\" content=\"3 minutes\" \/>\n<script type=\"application\/ld+json\" class=\"yoast-schema-graph\">{\"@context\":\"https:\/\/schema.org\",\"@graph\":[{\"@type\":\"WebPage\",\"@id\":\"https:\/\/janus.rs\/janus-it-and-friends\/\",\"url\":\"https:\/\/janus.rs\/janus-it-and-friends\/\",\"name\":\"Janus IT and Friends - Janus IT\",\"isPartOf\":{\"@id\":\"https:\/\/janus.rs\/en\/#website\"},\"primaryImageOfPage\":{\"@id\":\"https:\/\/janus.rs\/janus-it-and-friends\/#primaryimage\"},\"image\":{\"@id\":\"https:\/\/janus.rs\/janus-it-and-friends\/#primaryimage\"},\"thumbnailUrl\":\"https:\/\/janus.rs\/wp-content\/uploads\/2024\/04\/20240328_165858-1024x768.jpg\",\"datePublished\":\"2025-02-17T15:04:51+00:00\",\"dateModified\":\"2026-01-12T15:38:52+00:00\",\"description\":\"Janus IT and Friends: Inspirierende (IT-)Meetups und sportliche Aktivit\u00e4ten, die K\u00f6rper und Geist st\u00e4rken und zum Austausch einladen.\",\"breadcrumb\":{\"@id\":\"https:\/\/janus.rs\/janus-it-and-friends\/#breadcrumb\"},\"inLanguage\":\"en-US\",\"potentialAction\":[{\"@type\":\"ReadAction\",\"target\":[\"https:\/\/janus.rs\/janus-it-and-friends\/\"]}]},{\"@type\":\"ImageObject\",\"inLanguage\":\"en-US\",\"@id\":\"https:\/\/janus.rs\/janus-it-and-friends\/#primaryimage\",\"url\":\"https:\/\/janus.rs\/wp-content\/uploads\/2024\/04\/20240328_165858-1024x768.jpg\",\"contentUrl\":\"https:\/\/janus.rs\/wp-content\/uploads\/2024\/04\/20240328_165858-1024x768.jpg\"},{\"@type\":\"BreadcrumbList\",\"@id\":\"https:\/\/janus.rs\/janus-it-and-friends\/#breadcrumb\",\"itemListElement\":[{\"@type\":\"ListItem\",\"position\":1,\"name\":\"Home\",\"item\":\"https:\/\/janus.rs\/\"},{\"@type\":\"ListItem\",\"position\":2,\"name\":\"Janus IT and Friends\"}]},{\"@type\":\"WebSite\",\"@id\":\"https:\/\/janus.rs\/en\/#website\",\"url\":\"https:\/\/janus.rs\/en\/\",\"name\":\"Janus IT\",\"description\":\"Software Engineering\",\"publisher\":{\"@id\":\"https:\/\/janus.rs\/en\/#organization\"},\"potentialAction\":[{\"@type\":\"SearchAction\",\"target\":{\"@type\":\"EntryPoint\",\"urlTemplate\":\"https:\/\/janus.rs\/en\/?s={search_term_string}\"},\"query-input\":{\"@type\":\"PropertyValueSpecification\",\"valueRequired\":true,\"valueName\":\"search_term_string\"}}],\"inLanguage\":\"en-US\"},{\"@type\":\"Organization\",\"@id\":\"https:\/\/janus.rs\/en\/#organization\",\"name\":\"Janus IT\",\"url\":\"https:\/\/janus.rs\/en\/\",\"logo\":{\"@type\":\"ImageObject\",\"inLanguage\":\"en-US\",\"@id\":\"https:\/\/janus.rs\/en\/#\/schema\/logo\/image\/\",\"url\":\"https:\/\/i0.wp.com\/janus.rs\/wp-content\/uploads\/2023\/01\/logo_only_color_nobg.png?fit=900%2C900&ssl=1\",\"contentUrl\":\"https:\/\/i0.wp.com\/janus.rs\/wp-content\/uploads\/2023\/01\/logo_only_color_nobg.png?fit=900%2C900&ssl=1\",\"width\":900,\"height\":900,\"caption\":\"Janus IT\"},\"image\":{\"@id\":\"https:\/\/janus.rs\/en\/#\/schema\/logo\/image\/\"},\"sameAs\":[\"https:\/\/x.com\/DarthB86\",\"https:\/\/www.linkedin.com\/in\/tim-janus-07523b13\/\"]}]}<\/script>\n<!-- \/ Yoast SEO plugin. -->","yoast_head_json":{"title":"Janus IT and Friends - Janus IT","description":"Janus IT and Friends: Inspirierende (IT-)Meetups und sportliche Aktivit\u00e4ten, die K\u00f6rper und Geist st\u00e4rken und zum Austausch einladen.","robots":{"index":"index","follow":"follow","max-snippet":"max-snippet:-1","max-image-preview":"max-image-preview:large","max-video-preview":"max-video-preview:-1"},"canonical":"https:\/\/janus.rs\/en\/janus-it-and-friends\/","og_locale":"en_US","og_type":"article","og_title":"Janus IT and Friends - Janus IT","og_description":"Janus IT and Friends: Inspirierende (IT-)Meetups und sportliche Aktivit\u00e4ten, die K\u00f6rper und Geist st\u00e4rken und zum Austausch einladen.","og_url":"https:\/\/janus.rs\/en\/janus-it-and-friends\/","og_site_name":"Janus IT","article_modified_time":"2026-01-12T15:38:52+00:00","og_image":[{"url":"https:\/\/janus.rs\/wp-content\/uploads\/2024\/04\/20240328_165858-1024x768.jpg","type":"","width":"","height":""}],"twitter_card":"summary_large_image","twitter_site":"@DarthB86","twitter_misc":{"Est. reading time":"3 minutes"},"schema":{"@context":"https:\/\/schema.org","@graph":[{"@type":"WebPage","@id":"https:\/\/janus.rs\/janus-it-and-friends\/","url":"https:\/\/janus.rs\/janus-it-and-friends\/","name":"Janus IT and Friends - Janus IT","isPartOf":{"@id":"https:\/\/janus.rs\/en\/#website"},"primaryImageOfPage":{"@id":"https:\/\/janus.rs\/janus-it-and-friends\/#primaryimage"},"image":{"@id":"https:\/\/janus.rs\/janus-it-and-friends\/#primaryimage"},"thumbnailUrl":"https:\/\/janus.rs\/wp-content\/uploads\/2024\/04\/20240328_165858-1024x768.jpg","datePublished":"2025-02-17T15:04:51+00:00","dateModified":"2026-01-12T15:38:52+00:00","description":"Janus IT and Friends: Inspirierende (IT-)Meetups und sportliche Aktivit\u00e4ten, die K\u00f6rper und Geist st\u00e4rken und zum Austausch einladen.","breadcrumb":{"@id":"https:\/\/janus.rs\/janus-it-and-friends\/#breadcrumb"},"inLanguage":"en-US","potentialAction":[{"@type":"ReadAction","target":["https:\/\/janus.rs\/janus-it-and-friends\/"]}]},{"@type":"ImageObject","inLanguage":"en-US","@id":"https:\/\/janus.rs\/janus-it-and-friends\/#primaryimage","url":"https:\/\/janus.rs\/wp-content\/uploads\/2024\/04\/20240328_165858-1024x768.jpg","contentUrl":"https:\/\/janus.rs\/wp-content\/uploads\/2024\/04\/20240328_165858-1024x768.jpg"},{"@type":"BreadcrumbList","@id":"https:\/\/janus.rs\/janus-it-and-friends\/#breadcrumb","itemListElement":[{"@type":"ListItem","position":1,"name":"Home","item":"https:\/\/janus.rs\/"},{"@type":"ListItem","position":2,"name":"Janus IT and Friends"}]},{"@type":"WebSite","@id":"https:\/\/janus.rs\/en\/#website","url":"https:\/\/janus.rs\/en\/","name":"Janus IT","description":"Software Engineering","publisher":{"@id":"https:\/\/janus.rs\/en\/#organization"},"potentialAction":[{"@type":"SearchAction","target":{"@type":"EntryPoint","urlTemplate":"https:\/\/janus.rs\/en\/?s={search_term_string}"},"query-input":{"@type":"PropertyValueSpecification","valueRequired":true,"valueName":"search_term_string"}}],"inLanguage":"en-US"},{"@type":"Organization","@id":"https:\/\/janus.rs\/en\/#organization","name":"Janus IT","url":"https:\/\/janus.rs\/en\/","logo":{"@type":"ImageObject","inLanguage":"en-US","@id":"https:\/\/janus.rs\/en\/#\/schema\/logo\/image\/","url":"https:\/\/i0.wp.com\/janus.rs\/wp-content\/uploads\/2023\/01\/logo_only_color_nobg.png?fit=900%2C900&ssl=1","contentUrl":"https:\/\/i0.wp.com\/janus.rs\/wp-content\/uploads\/2023\/01\/logo_only_color_nobg.png?fit=900%2C900&ssl=1","width":900,"height":900,"caption":"Janus IT"},"image":{"@id":"https:\/\/janus.rs\/en\/#\/schema\/logo\/image\/"},"sameAs":["https:\/\/x.com\/DarthB86","https:\/\/www.linkedin.com\/in\/tim-janus-07523b13\/"]}]}},"jetpack_sharing_enabled":true,"_links":{"self":[{"href":"https:\/\/janus.rs\/en\/wp-json\/wp\/v2\/pages\/1551","targetHints":{"allow":["GET"]}}],"collection":[{"href":"https:\/\/janus.rs\/en\/wp-json\/wp\/v2\/pages"}],"about":[{"href":"https:\/\/janus.rs\/en\/wp-json\/wp\/v2\/types\/page"}],"author":[{"embeddable":true,"href":"https:\/\/janus.rs\/en\/wp-json\/wp\/v2\/users\/1"}],"replies":[{"embeddable":true,"href":"https:\/\/janus.rs\/en\/wp-json\/wp\/v2\/comments?post=1551"}],"version-history":[{"count":12,"href":"https:\/\/janus.rs\/en\/wp-json\/wp\/v2\/pages\/1551\/revisions"}],"predecessor-version":[{"id":2564,"href":"https:\/\/janus.rs\/en\/wp-json\/wp\/v2\/pages\/1551\/revisions\/2564"}],"wp:attachment":[{"href":"https:\/\/janus.rs\/en\/wp-json\/wp\/v2\/media?parent=1551"}],"curies":[{"name":"wp","href":"https:\/\/api.w.org\/{rel}","templated":true}]}}